{"id":600,"date":"2016-02-03T04:53:46","date_gmt":"2016-02-03T04:53:46","guid":{"rendered":"http:\/\/themes.zozothemes.com\/metal\/?page_id=600"},"modified":"2023-07-12T08:36:54","modified_gmt":"2023-07-12T13:36:54","slug":"home-6","status":"publish","type":"page","link":"https:\/\/italtech.ec\/italtechtitan\/","title":{"rendered":"Inicio"},"content":{"rendered":"<section class=\"wpb-content-wrapper\"><p>[vc_row bg_style=\u00bbdark-wrapper\u00bb center_row=\u00bbyes\u00bb css=\u00bb.vc_custom_1675880075217{margin-top: -1px !important;padding-top: 0px !important;padding-bottom: 0px !important;background-image: url(https:\/\/italtech.ec\/italtechengineering\/wp-content\/uploads\/sites\/4\/2016\/01\/dark-bg.jpg?id=15) !important;}\u00bb el_class=\u00bbvc-row-default\u00bb][vc_column][\/vc_column][\/vc_row][vc_row parallax=\u00bbcontent-moving\u00bb parallax_image=\u00bb260&#8243; bg_style=\u00bbgrey-wrapper\u00bb center_row=\u00bbyes\u00bb bg_overlay=\u00bbyes\u00bb typo_style=\u00bblight\u00bb][vc_column]<div class=\"zozo-parallax-header wpb_animate_when_almost_visible wpb_bottom-to-top\"><div class=\"parallax-header content-style-default\"><h4 class=\"parallax-title text-left\">ITALTECH TIT\u00c1N<\/h4><\/div><\/div>[vc_row_inner][vc_column_inner]<div class=\"zozo-feature-box feature-box-style style-default-box style-sep-yes  wpb_animate_when_almost_visible wpb_left-to-right\" id=\"feature-box-1\"><div class=\"grid-item\"><div class=\"grid-box-inner grid-text-left grid-box-normal grid-box-icon-square grid-icon-shape grid-shape-none\"><div class=\"grid-icon-wrapper icon-hv-color shape-icon-square\"><i class=\"fas fa-tools grid-icon zozo-icon icon-shape icon-square icon-skin-default icon-bg pattern-1 icon-normal\"><\/i><\/div><div class=\"grid-content-wrapper\"><h5 class=\"grid-title \" >historia y proP\u00f3sito<\/h5><div class=\"grid-desc\" ><p>La divisi\u00f3n de maquinaria y automatizaci\u00f3n de Italtech nace en Guayaquil a trav\u00e9s de la fusi\u00f3n de experiencias adquiridas y de la preparaci\u00f3n t\u00e9cnica de ingenier\u00eda en automatizaci\u00f3n,\u00a0 mec\u00e1nica y escencialmente de soldadura especialzada, basados primordialmente en t\u00e9cnicas italianas para la fabricaci\u00f3n, montaje e instalaci\u00f3n de equipos industriales.<\/p>\n<\/div><\/div><\/div><\/div><\/div>[\/vc_column_inner][\/vc_row_inner][\/vc_column][\/vc_row][vc_row center_row=\u00bbyes\u00bb css=\u00bb.vc_custom_1453984729398{padding-top: 40px !important;padding-bottom: 40px !important;}\u00bb][vc_column]<div class=\"zozo-parallax-header wpb_animate_when_almost_visible wpb_bottom-to-top\"><div class=\"parallax-header content-style-default\"><h2 class=\"parallax-title text-center\">PRODUCTOS AUTOMOTRICES<\/h2><\/div><\/div>[\/vc_column][\/vc_row][vc_row center_row=\u00bbyes\u00bb css=\u00bb.vc_custom_1453984729398{padding-top: 40px !important;padding-bottom: 40px !important;}\u00bb][vc_column]<div class=\"zozo-parallax-header wpb_animate_when_almost_visible wpb_bottom-to-top\"><div class=\"parallax-header content-style-default\"><h4 class=\"parallax-title text-left\">ADITIVOS<\/h4><\/div><\/div>[vc_column_text]<strong>Aditivo para radiador<\/strong> (El aditivo para radiador Tit\u00e0n es espec\u00ecfico para motores a diesel y gasolina. Contiene benzoato de sodio y nitrito de calcio)[\/vc_column_text][vc_row_inner][vc_column_inner width=\u00bb1\/4&#8243;]<div class=\"zozo-feature-box feature-box-style style-info-box style-box-without-bg style-sep-yes  wpb_animate_when_almost_visible wpb_bottom-to-top\" id=\"feature-box-2\"><div class=\"grid-item\"><div class=\"grid-box-inner grid-text-left grid-box-image grid-shape-none\"><div class=\"grid-image-wrapper zozo-image-wrapper img-none img-size-small\"><img width=\"132\" height=\"300\" src=\"https:\/\/italtech.ec\/italtechtitan\/wp-content\/uploads\/sites\/5\/2023\/05\/9-1.png\" class=\"img-none attachment-theme-mid\" alt=\"\" decoding=\"async\" loading=\"lazy\" title=\"9\" \/><\/div><div class=\"grid-content-wrapper\"><h5 class=\"grid-title \" >Litro transparente rojo<\/h5><div class=\"grid-desc\" ><p>Descripci\u00f3n producto<\/p>\n<\/div><\/div><\/div><\/div><\/div><div class=\"zozo-feature-box feature-box-style style-info-box style-box-without-bg style-sep-yes  wpb_animate_when_almost_visible wpb_bottom-to-top\" id=\"feature-box-3\"><div class=\"grid-item\"><div class=\"grid-box-inner grid-text-left grid-box-image grid-shape-none\"><div class=\"grid-image-wrapper zozo-image-wrapper img-none img-size-small\"><img width=\"220\" height=\"300\" src=\"https:\/\/italtech.ec\/italtechtitan\/wp-content\/uploads\/sites\/5\/2023\/05\/6-1.png\" class=\"img-none attachment-theme-mid\" alt=\"\" decoding=\"async\" loading=\"lazy\" title=\"6\" \/><\/div><div class=\"grid-content-wrapper\"><h5 class=\"grid-title \" >Gal\u00f3n transparente rojo<\/h5><div class=\"grid-desc\" ><p>Descripci\u00f3n producto<\/p>\n<\/div><\/div><\/div><\/div><\/div><div class=\"zozo-feature-box feature-box-style style-info-box style-box-without-bg style-sep-yes  wpb_animate_when_almost_visible wpb_bottom-to-top\" id=\"feature-box-4\"><div class=\"grid-item\"><div class=\"grid-box-inner grid-text-left grid-box-image grid-shape-none\"><div class=\"grid-image-wrapper zozo-image-wrapper img-none img-size-small\"><img width=\"211\" height=\"300\" src=\"https:\/\/italtech.ec\/italtechtitan\/wp-content\/uploads\/sites\/5\/2023\/05\/1-1.png\" class=\"img-none attachment-theme-mid\" alt=\"\" decoding=\"async\" loading=\"lazy\" title=\"1\" \/><\/div><div class=\"grid-content-wrapper\"><h5 class=\"grid-title \" >Caneca rojo<\/h5><div class=\"grid-desc\" ><p>Descripci\u00f3n producto<\/p>\n<\/div><\/div><\/div><\/div><\/div>[\/vc_column_inner][vc_column_inner width=\u00bb1\/4&#8243;]<div class=\"zozo-feature-box feature-box-style style-info-box style-box-without-bg style-sep-yes  wpb_animate_when_almost_visible wpb_bottom-to-top\" id=\"feature-box-5\"><div class=\"grid-item\"><div class=\"grid-box-inner grid-text-left grid-box-image grid-shape-none\"><div class=\"grid-image-wrapper zozo-image-wrapper img-none img-size-small\"><img width=\"138\" height=\"300\" src=\"https:\/\/italtech.ec\/italtechtitan\/wp-content\/uploads\/sites\/5\/2023\/05\/10-1.png\" class=\"img-none attachment-theme-mid\" alt=\"\" decoding=\"async\" loading=\"lazy\" title=\"10\" \/><\/div><div class=\"grid-content-wrapper\"><h5 class=\"grid-title \" >Litro transparente verde<\/h5><div class=\"grid-desc\" ><p>Descripci\u00f3n de producto<\/p>\n<\/div><\/div><\/div><\/div><\/div><div class=\"zozo-feature-box feature-box-style style-info-box style-box-without-bg style-sep-yes  wpb_animate_when_almost_visible wpb_bottom-to-top\" id=\"feature-box-6\"><div class=\"grid-item\"><div class=\"grid-box-inner grid-text-left grid-box-image grid-shape-none\"><div class=\"grid-image-wrapper zozo-image-wrapper img-none img-size-small\"><img width=\"216\" height=\"300\" src=\"https:\/\/italtech.ec\/italtechtitan\/wp-content\/uploads\/sites\/5\/2023\/05\/5-1.png\" class=\"img-none attachment-theme-mid\" alt=\"\" decoding=\"async\" loading=\"lazy\" title=\"5\" \/><\/div><div class=\"grid-content-wrapper\"><h5 class=\"grid-title \" >Gal\u00f3n transparente verde<\/h5><div class=\"grid-desc\" ><p>Descripci\u00f3n de producto<\/p>\n<\/div><\/div><\/div><\/div><\/div><div class=\"zozo-feature-box feature-box-style style-info-box style-box-without-bg style-sep-yes  wpb_animate_when_almost_visible wpb_bottom-to-top\" id=\"feature-box-7\"><div class=\"grid-item\"><div class=\"grid-box-inner grid-text-left grid-box-image grid-shape-none\"><div class=\"grid-image-wrapper zozo-image-wrapper img-none img-size-small\"><img width=\"212\" height=\"300\" src=\"https:\/\/italtech.ec\/italtechtitan\/wp-content\/uploads\/sites\/5\/2023\/05\/2-1.png\" class=\"img-none attachment-theme-mid\" alt=\"\" decoding=\"async\" loading=\"lazy\" title=\"2\" \/><\/div><div class=\"grid-content-wrapper\"><h5 class=\"grid-title \" >Caneca verde<\/h5><div class=\"grid-desc\" ><p>Descripci\u00f3n de producto<\/p>\n<\/div><\/div><\/div><\/div><\/div>[\/vc_column_inner][vc_column_inner width=\u00bb1\/4&#8243;]<div class=\"zozo-feature-box feature-box-style style-info-box style-box-without-bg style-sep-yes  wpb_animate_when_almost_visible wpb_top-to-bottom\" id=\"feature-box-8\"><div class=\"grid-item\"><div class=\"grid-box-inner grid-text-left grid-box-image grid-shape-none\"><div class=\"grid-image-wrapper zozo-image-wrapper img-none img-size-small\"><img width=\"136\" height=\"300\" src=\"https:\/\/italtech.ec\/italtechtitan\/wp-content\/uploads\/sites\/5\/2023\/05\/8-1.png\" class=\"img-none attachment-theme-mid\" alt=\"\" decoding=\"async\" loading=\"lazy\" title=\"8\" \/><\/div><div class=\"grid-content-wrapper\"><h5 class=\"grid-title \" >Litro gris rojo<\/h5><div class=\"grid-desc\" ><p>Descripci\u00f3n Producto<\/p>\n<\/div><\/div><\/div><\/div><\/div><div class=\"zozo-feature-box feature-box-style style-info-box style-box-without-bg style-sep-yes  wpb_animate_when_almost_visible wpb_top-to-bottom\" id=\"feature-box-9\"><div class=\"grid-item\"><div class=\"grid-box-inner grid-text-left grid-box-image grid-shape-none\"><div class=\"grid-image-wrapper zozo-image-wrapper img-none img-size-small\"><img width=\"213\" height=\"300\" src=\"https:\/\/italtech.ec\/italtechtitan\/wp-content\/uploads\/sites\/5\/2023\/05\/4-1.png\" class=\"img-none attachment-theme-mid\" alt=\"\" decoding=\"async\" loading=\"lazy\" title=\"4\" \/><\/div><div class=\"grid-content-wrapper\"><h5 class=\"grid-title \" >Gal\u00f3n gris rojo<\/h5><div class=\"grid-desc\" ><p>Descripci\u00f3n Producto<\/p>\n<\/div><\/div><\/div><\/div><\/div>[\/vc_column_inner][vc_column_inner width=\u00bb1\/4&#8243;]<div class=\"zozo-feature-box feature-box-style style-info-box style-box-without-bg style-sep-yes  wpb_animate_when_almost_visible wpb_top-to-bottom\" id=\"feature-box-10\"><div class=\"grid-item\"><div class=\"grid-box-inner grid-text-left grid-box-image grid-shape-none\"><div class=\"grid-image-wrapper zozo-image-wrapper img-none img-size-small\"><img width=\"136\" height=\"300\" src=\"https:\/\/italtech.ec\/italtechtitan\/wp-content\/uploads\/sites\/5\/2023\/05\/7-1.png\" class=\"img-none attachment-theme-mid\" alt=\"\" decoding=\"async\" loading=\"lazy\" title=\"7\" \/><\/div><div class=\"grid-content-wrapper\"><h5 class=\"grid-title \" >Litro gris verde<\/h5><div class=\"grid-desc\" ><p>Descripci\u00f3n de producto<\/p>\n<\/div><\/div><\/div><\/div><\/div><div class=\"zozo-feature-box feature-box-style style-info-box style-box-without-bg style-sep-yes  wpb_animate_when_almost_visible wpb_top-to-bottom\" id=\"feature-box-11\"><div class=\"grid-item\"><div class=\"grid-box-inner grid-text-left grid-box-image grid-shape-none\"><div class=\"grid-image-wrapper zozo-image-wrapper img-none img-size-small\"><img width=\"216\" height=\"300\" src=\"https:\/\/italtech.ec\/italtechtitan\/wp-content\/uploads\/sites\/5\/2023\/05\/3-1.png\" class=\"img-none attachment-theme-mid\" alt=\"\" decoding=\"async\" loading=\"lazy\" title=\"3\" \/><\/div><div class=\"grid-content-wrapper\"><h5 class=\"grid-title \" >Gal\u00f3n gris verde<\/h5><div class=\"grid-desc\" ><p>Descripci\u00f3n de producto<\/p>\n<\/div><\/div><\/div><\/div><\/div>[\/vc_column_inner][\/vc_row_inner][\/vc_column][\/vc_row][vc_row center_row=\u00bbyes\u00bb css=\u00bb.vc_custom_1453984729398{padding-top: 40px !important;padding-bottom: 40px !important;}\u00bb][vc_column]<div class=\"zozo-parallax-header wpb_animate_when_almost_visible wpb_bottom-to-top\"><div class=\"parallax-header content-style-default\"><h4 class=\"parallax-title text-left\">AGUA DESTILADA Y ACIDULADA PARA BATER\u00cdAS<\/h4><\/div><\/div>[vc_column_text]<strong>Agua destilada para bater\u00edas<\/strong> (Descripci\u00f3n de esta l\u00ednea)[\/vc_column_text][vc_row_inner][vc_column_inner width=\u00bb1\/4&#8243;]<div class=\"zozo-feature-box feature-box-style style-info-box style-box-without-bg style-sep-yes  wpb_animate_when_almost_visible wpb_bottom-to-top\" id=\"feature-box-12\"><div class=\"grid-item\"><div class=\"grid-box-inner grid-text-left grid-box-image grid-shape-none\"><div class=\"grid-image-wrapper zozo-image-wrapper img-none img-size-small\"><img width=\"94\" height=\"300\" src=\"https:\/\/italtech.ec\/italtechtitan\/wp-content\/uploads\/sites\/5\/2023\/07\/19.png\" class=\"img-none attachment-theme-mid\" alt=\"\" decoding=\"async\" loading=\"lazy\" title=\"19\" \/><\/div><div class=\"grid-content-wrapper\"><h5 class=\"grid-title \" >Litro agua destilada<\/h5><div class=\"grid-desc\" ><p>Descripci\u00f3n producto<\/p>\n<\/div><\/div><\/div><\/div><\/div>[\/vc_column_inner][vc_column_inner width=\u00bb1\/4&#8243;]<div class=\"zozo-feature-box feature-box-style style-info-box style-box-without-bg style-sep-yes  wpb_animate_when_almost_visible wpb_bottom-to-top\" id=\"feature-box-13\"><div class=\"grid-item\"><div class=\"grid-box-inner grid-text-left grid-box-image grid-shape-none\"><div class=\"grid-image-wrapper zozo-image-wrapper img-none img-size-small\"><img width=\"235\" height=\"300\" src=\"https:\/\/italtech.ec\/italtechtitan\/wp-content\/uploads\/sites\/5\/2023\/07\/13.png\" class=\"img-none attachment-theme-mid\" alt=\"\" decoding=\"async\" loading=\"lazy\" title=\"13\" \/><\/div><div class=\"grid-content-wrapper\"><h5 class=\"grid-title \" >Gal\u00f3n agua destilada<\/h5><div class=\"grid-desc\" ><p>Descripci\u00f3n de producto<\/p>\n<\/div><\/div><\/div><\/div><\/div>[\/vc_column_inner][vc_column_inner width=\u00bb1\/4&#8243;]<div class=\"zozo-feature-box feature-box-style style-info-box style-box-without-bg style-sep-yes  wpb_animate_when_almost_visible wpb_top-to-bottom\" id=\"feature-box-14\"><div class=\"grid-item\"><div class=\"grid-box-inner grid-text-left grid-box-image grid-shape-none\"><div class=\"grid-image-wrapper zozo-image-wrapper img-none img-size-small\"><img width=\"222\" height=\"300\" src=\"https:\/\/italtech.ec\/italtechtitan\/wp-content\/uploads\/sites\/5\/2023\/07\/11.png\" class=\"img-none attachment-theme-mid\" alt=\"\" decoding=\"async\" loading=\"lazy\" title=\"11\" \/><\/div><div class=\"grid-content-wrapper\"><h5 class=\"grid-title \" >Caneca agua acidulada<\/h5><div class=\"grid-desc\" ><p>Descripci\u00f3n Producto<\/p>\n<\/div><\/div><\/div><\/div><\/div>[\/vc_column_inner][vc_column_inner width=\u00bb1\/4&#8243;][\/vc_column_inner][vc_column_inner][\/vc_column_inner][\/vc_row_inner][\/vc_column][\/vc_row][vc_row center_row=\u00bbyes\u00bb css=\u00bb.vc_custom_1453984729398{padding-top: 40px !important;padding-bottom: 40px !important;}\u00bb][vc_column][vc_column_text]<strong>Agua acidulada para bater\u00edas<\/strong> (Descripci\u00f3n de esta l\u00ednea)[\/vc_column_text][vc_row_inner][vc_column_inner width=\u00bb1\/4&#8243;]<div class=\"zozo-feature-box feature-box-style style-info-box style-box-without-bg style-sep-yes  wpb_animate_when_almost_visible wpb_bottom-to-top\" id=\"feature-box-15\"><div class=\"grid-item\"><div class=\"grid-box-inner grid-text-left grid-box-image grid-shape-none\"><div class=\"grid-image-wrapper zozo-image-wrapper img-none img-size-small\"><img width=\"107\" height=\"300\" src=\"https:\/\/italtech.ec\/italtechtitan\/wp-content\/uploads\/sites\/5\/2023\/07\/20.png\" class=\"img-none attachment-theme-mid\" alt=\"\" decoding=\"async\" loading=\"lazy\" title=\"20\" \/><\/div><div class=\"grid-content-wrapper\"><h5 class=\"grid-title \" >Litro agua acidulada<\/h5><div class=\"grid-desc\" ><p>Descripci\u00f3n producto<\/p>\n<\/div><\/div><\/div><\/div><\/div>[\/vc_column_inner][vc_column_inner width=\u00bb1\/4&#8243;]<div class=\"zozo-feature-box feature-box-style style-info-box style-box-without-bg style-sep-yes  wpb_animate_when_almost_visible wpb_bottom-to-top\" id=\"feature-box-16\"><div class=\"grid-item\"><div class=\"grid-box-inner grid-text-left grid-box-image grid-shape-none\"><div class=\"grid-image-wrapper zozo-image-wrapper img-none img-size-small\"><img width=\"220\" height=\"300\" src=\"https:\/\/italtech.ec\/italtechtitan\/wp-content\/uploads\/sites\/5\/2023\/07\/14.png\" class=\"img-none attachment-theme-mid\" alt=\"\" decoding=\"async\" loading=\"lazy\" title=\"14\" \/><\/div><div class=\"grid-content-wrapper\"><h5 class=\"grid-title \" >Gal\u00f3n agua acidulada<\/h5><div class=\"grid-desc\" ><p>Descripci\u00f3n de producto<\/p>\n<\/div><\/div><\/div><\/div><\/div>[\/vc_column_inner][vc_column_inner width=\u00bb1\/4&#8243;]<div class=\"zozo-feature-box feature-box-style style-info-box style-box-without-bg style-sep-yes  wpb_animate_when_almost_visible wpb_top-to-bottom\" id=\"feature-box-17\"><div class=\"grid-item\"><div class=\"grid-box-inner grid-text-left grid-box-image grid-shape-none\"><div class=\"grid-image-wrapper zozo-image-wrapper img-none img-size-small\"><img width=\"225\" height=\"300\" src=\"https:\/\/italtech.ec\/italtechtitan\/wp-content\/uploads\/sites\/5\/2023\/07\/12.png\" class=\"img-none attachment-theme-mid\" alt=\"\" decoding=\"async\" loading=\"lazy\" title=\"12\" \/><\/div><div class=\"grid-content-wrapper\"><h5 class=\"grid-title \" >Caneca agua destilada<\/h5><div class=\"grid-desc\" ><p>Descripci\u00f3n Producto<\/p>\n<\/div><\/div><\/div><\/div><\/div>[\/vc_column_inner][vc_column_inner width=\u00bb1\/4&#8243;][\/vc_column_inner][vc_column_inner][\/vc_column_inner][\/vc_row_inner][\/vc_column][\/vc_row][vc_row center_row=\u00bbyes\u00bb css=\u00bb.vc_custom_1453984729398{padding-top: 40px !important;padding-bottom: 40px !important;}\u00bb][vc_column]<div class=\"zozo-parallax-header wpb_animate_when_almost_visible wpb_bottom-to-top\"><div class=\"parallax-header content-style-default\"><h4 class=\"parallax-title text-left\">REFRIGERANTES<\/h4><\/div><\/div>[vc_column_text]<strong>Refrigerantes<\/strong> (Descripci\u00f3n de esta l\u00ednea)[\/vc_column_text][vc_row_inner][vc_column_inner width=\u00bb1\/4&#8243;]<div class=\"zozo-feature-box feature-box-style style-info-box style-box-without-bg style-sep-yes  wpb_animate_when_almost_visible wpb_bottom-to-top\" id=\"feature-box-18\"><div class=\"grid-item\"><div class=\"grid-box-inner grid-text-left grid-box-image grid-shape-none\"><div class=\"grid-image-wrapper zozo-image-wrapper img-none img-size-small\"><img width=\"213\" height=\"300\" src=\"https:\/\/italtech.ec\/italtechtitan\/wp-content\/uploads\/sites\/5\/2023\/07\/17.png\" class=\"img-none attachment-theme-mid\" alt=\"\" decoding=\"async\" loading=\"lazy\" title=\"17\" \/><\/div><div class=\"grid-content-wrapper\"><h5 class=\"grid-title \" >Gal\u00f3n refrigerante 50\/50<\/h5><div class=\"grid-desc\" ><p>Descripci\u00f3n producto<\/p>\n<\/div><\/div><\/div><\/div><\/div>[\/vc_column_inner][vc_column_inner width=\u00bb1\/4&#8243;]<div class=\"zozo-feature-box feature-box-style style-info-box style-box-without-bg style-sep-yes  wpb_animate_when_almost_visible wpb_bottom-to-top\" id=\"feature-box-19\"><div class=\"grid-item\"><div class=\"grid-box-inner grid-text-left grid-box-image grid-shape-none\"><div class=\"grid-image-wrapper zozo-image-wrapper img-none img-size-small\"><img width=\"222\" height=\"300\" src=\"https:\/\/italtech.ec\/italtechtitan\/wp-content\/uploads\/sites\/5\/2023\/07\/16.png\" class=\"img-none attachment-theme-mid\" alt=\"\" decoding=\"async\" loading=\"lazy\" title=\"16\" \/><\/div><div class=\"grid-content-wrapper\"><h5 class=\"grid-title \" >Gal\u00f3n refrigerante 50\/50 euro<\/h5><div class=\"grid-desc\" ><p>Descripci\u00f3n de producto<\/p>\n<\/div><\/div><\/div><\/div><\/div>[\/vc_column_inner][vc_column_inner width=\u00bb1\/4&#8243;]<div class=\"zozo-feature-box feature-box-style style-info-box style-box-without-bg style-sep-yes  wpb_animate_when_almost_visible wpb_top-to-bottom\" id=\"feature-box-20\"><div class=\"grid-item\"><div class=\"grid-box-inner grid-text-left grid-box-image grid-shape-none\"><div class=\"grid-image-wrapper zozo-image-wrapper img-none img-size-small\"><img width=\"214\" height=\"300\" src=\"https:\/\/italtech.ec\/italtechtitan\/wp-content\/uploads\/sites\/5\/2023\/07\/15.png\" class=\"img-none attachment-theme-mid\" alt=\"\" decoding=\"async\" loading=\"lazy\" title=\"15\" \/><\/div><div class=\"grid-content-wrapper\"><h5 class=\"grid-title \" >Gal\u00f3n refrigerante 50\/50 racing<\/h5><div class=\"grid-desc\" ><p>Descripci\u00f3n Producto<\/p>\n<\/div><\/div><\/div><\/div><\/div>[\/vc_column_inner][vc_column_inner width=\u00bb1\/4&#8243;]<div class=\"zozo-feature-box feature-box-style style-info-box style-box-without-bg style-sep-yes  wpb_animate_when_almost_visible wpb_top-to-bottom\" id=\"feature-box-21\"><div class=\"grid-item\"><div class=\"grid-box-inner grid-text-left grid-box-image grid-shape-none\"><div class=\"grid-image-wrapper zozo-image-wrapper img-none img-size-small\"><img width=\"224\" height=\"300\" src=\"https:\/\/italtech.ec\/italtechtitan\/wp-content\/uploads\/sites\/5\/2023\/07\/18.png\" class=\"img-none attachment-theme-mid\" alt=\"\" decoding=\"async\" loading=\"lazy\" title=\"18\" \/><\/div><div class=\"grid-content-wrapper\"><h5 class=\"grid-title \" >Gal\u00f3n refrigerante 33%<\/h5><div class=\"grid-desc\" ><p>Descripci\u00f3n del Producto<\/p>\n<\/div><\/div><\/div><\/div><\/div>[\/vc_column_inner][vc_column_inner][vc_empty_space][\/vc_column_inner][\/vc_row_inner][\/vc_column][\/vc_row][vc_row center_row=\u00bbyes\u00bb css=\u00bb.vc_custom_1453984729398{padding-top: 40px !important;padding-bottom: 40px !important;}\u00bb][vc_column]<div class=\"zozo-parallax-header wpb_animate_when_almost_visible wpb_bottom-to-top\"><div class=\"parallax-header content-style-default\"><h4 class=\"parallax-title text-left\">Nuestros Clientes<\/h4><\/div><\/div><div class=\"zozo-client-slider-wrapper wpb_animate_when_almost_visible wpb_bottom-to-top style-default\"><div id=\"zozo-client-slider-1\" class=\"zozo-owl-carousel zozo-client-slider owl-carousel\" data-items=\"6\"  data-slideby=\"1\"  data-items-tablet=\"4\"  data-items-mobile-landscape=\"3\"  data-items-mobile-portrait=\"2\"  data-autoplay=\"true\"  data-autoplay-timeout=\"1000\"  data-loop=\"true\"  data-pagination=\"false\"  data-navigation=\"false\" ><div class=\"client-item\"><a href=\"#\" target=\"_self\"><img width=\"170\" height=\"85\" src=\"https:\/\/italtech.ec\/italtechtitan\/wp-content\/uploads\/sites\/5\/2023\/07\/bateriasdacar.png\" class=\"attachment-full\" alt=\"\" decoding=\"async\" loading=\"lazy\" title=\"bateriasdacar\" \/><\/a><\/div><div class=\"client-item\"><a href=\"#\" target=\"_self\"><img width=\"170\" height=\"85\" src=\"https:\/\/italtech.ec\/italtechtitan\/wp-content\/uploads\/sites\/5\/2023\/07\/mavesa.png\" class=\"attachment-full\" alt=\"\" decoding=\"async\" loading=\"lazy\" title=\"mavesa\" \/><\/a><\/div><div class=\"client-item\"><a href=\"#\" target=\"_self\"><img width=\"170\" height=\"85\" src=\"https:\/\/italtech.ec\/italtechtitan\/wp-content\/uploads\/sites\/5\/2023\/07\/mroil.png\" class=\"attachment-full\" alt=\"\" decoding=\"async\" loading=\"lazy\" title=\"mroil\" \/><\/a><\/div><div class=\"client-item\"><a href=\"#\" target=\"_self\"><img width=\"170\" height=\"85\" src=\"https:\/\/italtech.ec\/italtechtitan\/wp-content\/uploads\/sites\/5\/2023\/07\/TALLERLOOR.png\" class=\"attachment-full\" alt=\"\" decoding=\"async\" loading=\"lazy\" title=\"TALLERLOOR\" \/><\/a><\/div><\/div><\/div>[\/vc_column][\/vc_row]<\/p>\n<\/section>","protected":false},"excerpt":{"rendered":"<p>[vc_row bg_style=\u00bbdark-wrapper\u00bb center_row=\u00bbyes\u00bb css=\u00bb.vc_custom_1675880075217{margin-top: -1px !important;padding-top: 0px !important;padding-bottom: 0px !important;background-image: url(https:\/\/italtech.ec\/italtechengineering\/wp-content\/uploads\/sites\/4\/2016\/01\/dark-bg.jpg?id=15) !important;}\u00bb el_class=\u00bbvc-row-default\u00bb][vc_column][\/vc_column][\/vc_row][vc_row parallax=\u00bbcontent-moving\u00bb parallax_image=\u00bb260&#8243; bg_style=\u00bbgrey-wrapper\u00bb center_row=\u00bbyes\u00bb bg_overlay=\u00bbyes\u00bb typo_style=\u00bblight\u00bb][vc_column][vc_row_inner][vc_column_inner][\/vc_column_inner][\/vc_row_inner][\/vc_column][\/vc_row][vc_row center_row=\u00bbyes\u00bb css=\u00bb.vc_custom_1453984729398{padding-top: 40px !important;padding-bottom: 40px !important;}\u00bb][vc_column][\/vc_column][\/vc_row][vc_row center_row=\u00bbyes\u00bb css=\u00bb.vc_custom_1453984729398{padding-top: 40px !important;padding-bottom: 40px&#8230;<\/p>\n","protected":false},"author":1,"featured_media":0,"parent":0,"menu_order":0,"comment_status":"closed","ping_status":"closed","template":"template-fullwidth.php","meta":[],"_links":{"self":[{"href":"https:\/\/italtech.ec\/italtechtitan\/wp-json\/wp\/v2\/pages\/600"}],"collection":[{"href":"https:\/\/italtech.ec\/italtechtitan\/wp-json\/wp\/v2\/pages"}],"about":[{"href":"https:\/\/italtech.ec\/italtechtitan\/wp-json\/wp\/v2\/types\/page"}],"author":[{"embeddable":true,"href":"https:\/\/italtech.ec\/italtechtitan\/wp-json\/wp\/v2\/users\/1"}],"replies":[{"embeddable":true,"href":"https:\/\/italtech.ec\/italtechtitan\/wp-json\/wp\/v2\/comments?post=600"}],"version-history":[{"count":38,"href":"https:\/\/italtech.ec\/italtechtitan\/wp-json\/wp\/v2\/pages\/600\/revisions"}],"predecessor-version":[{"id":2134,"href":"https:\/\/italtech.ec\/italtechtitan\/wp-json\/wp\/v2\/pages\/600\/revisions\/2134"}],"wp:attachment":[{"href":"https:\/\/italtech.ec\/italtechtitan\/wp-json\/wp\/v2\/media?parent=600"}],"curies":[{"name":"wp","href":"https:\/\/api.w.org\/{rel}","templated":true}]}}