{"id":600,"date":"2016-02-03T04:53:46","date_gmt":"2016-02-03T04:53:46","guid":{"rendered":"http:\/\/themes.zozothemes.com\/metal\/?page_id=600"},"modified":"2023-07-19T21:24:36","modified_gmt":"2023-07-20T02:24:36","slug":"home-6","status":"publish","type":"page","link":"https:\/\/italtech.ec\/italtechengineering\/","title":{"rendered":"Inicio"},"content":{"rendered":"<section class=\"wpb-content-wrapper\"><p>[vc_row bg_style=\u00bbdark-wrapper\u00bb center_row=\u00bbyes\u00bb css=\u00bb.vc_custom_1675880075217{margin-top: -1px !important;padding-top: 0px !important;padding-bottom: 0px !important;background-image: url(https:\/\/italtech.ec\/italtechengineering\/wp-content\/uploads\/sites\/4\/2016\/01\/dark-bg.jpg?id=15) !important;}\u00bb el_class=\u00bbvc-row-default\u00bb][vc_column][\/vc_column][\/vc_row][vc_row parallax=\u00bbcontent-moving\u00bb parallax_image=\u00bb260&#8243; bg_style=\u00bbgrey-wrapper\u00bb center_row=\u00bbyes\u00bb bg_overlay=\u00bbyes\u00bb typo_style=\u00bblight\u00bb][vc_column]<div class=\"zozo-parallax-header wpb_animate_when_almost_visible wpb_bottom-to-top\"><div class=\"parallax-header content-style-default\"><h4 class=\"parallax-title text-left\">ITALTECH ENGINEERING<\/h4><\/div><\/div>[vc_row_inner][vc_column_inner]<div class=\"zozo-feature-box feature-box-style style-default-box style-sep-yes \" id=\"feature-box-1\"><div class=\"grid-item\"><div class=\"grid-box-inner grid-text-left grid-box-normal grid-box-icon-square grid-icon-shape grid-shape-none\"><div class=\"grid-icon-wrapper icon-hv-color shape-icon-square\"><i class=\"fas fa-tools grid-icon zozo-icon icon-shape icon-square icon-skin-default icon-bg pattern-1 icon-normal\"><\/i><\/div><div class=\"grid-content-wrapper\"><h5 class=\"grid-title \" >historia y proP\u00f3sito<\/h5><div class=\"grid-desc\" ><p>Somos una empresa Italo-ecuatoriana, para el servicio de la industria enfocada a la construcci\u00f3n, instalaci\u00f3n y montajes de m\u00e1quina industrial.<\/p>\n<p>Trabajamos en proyectos llave en mano y enfocamos nuestros proyectos a la ingenier\u00eda de detalle, garantizando as\u00ed los resultados de las operaciones y proyectos ejecutados.<\/p>\n<\/div><\/div><\/div><\/div><\/div>[\/vc_column_inner][\/vc_row_inner][\/vc_column][\/vc_row][vc_row center_row=\u00bbyes\u00bb css=\u00bb.vc_custom_1453984729398{padding-top: 40px !important;padding-bottom: 40px !important;}\u00bb][vc_column]<div class=\"zozo-parallax-header wpb_animate_when_almost_visible wpb_bottom-to-top\"><div class=\"parallax-header content-style-default\"><h4 class=\"parallax-title text-left\">Nuestros Servicios<\/h4><\/div><\/div>[vc_row_inner][vc_column_inner width=\u00bb1\/2&#8243;]<div class=\"zozo-feature-box feature-box-style style-info-box style-box-with-bg style-sep-yes \" id=\"feature-box-2\"><div class=\"grid-item\"><div class=\"grid-box-inner grid-text-center grid-box-image grid-shape-none\"><div class=\"grid-image-wrapper zozo-image-wrapper img-none\"><a href=\"https:\/\/italtech.ec\/italtechengineering\/services\/prueba\/\" title=\"prueba\" target=\"_self\"><img width=\"500\" height=\"320\" src=\"https:\/\/italtech.ec\/italtechengineering\/wp-content\/uploads\/sites\/4\/2023\/02\/serv001-500x320.jpg\" class=\"img-none attachment-theme-mid\" alt=\"\" decoding=\"async\" loading=\"lazy\" title=\"serv001\" \/><\/a><\/div><a href=\"https:\/\/italtech.ec\/italtechengineering\/services\/prueba\/\" title=\"prueba\" target=\"_self\"><h5 class=\"grid-title-below grid-title \" >AUTOMATIZACI\u00d3N PARA LA INDUSTRIA<\/h5><\/a><div class=\"grid-desc\" ><p>Descripci\u00f3n del Servicio<\/p>\n<\/div><\/div><\/div><\/div>[\/vc_column_inner][vc_column_inner width=\u00bb1\/2&#8243;]<div class=\"zozo-feature-box feature-box-style style-info-box style-box-with-bg style-sep-yes \" id=\"feature-box-3\"><div class=\"grid-item\"><div class=\"grid-box-inner grid-text-center grid-box-image grid-shape-none\"><div class=\"grid-image-wrapper zozo-image-wrapper img-none\"><img width=\"500\" height=\"320\" src=\"https:\/\/italtech.ec\/italtechengineering\/wp-content\/uploads\/sites\/4\/2023\/02\/serv002-500x320.jpg\" class=\"img-none attachment-theme-mid\" alt=\"\" decoding=\"async\" loading=\"lazy\" title=\"serv002\" \/><\/div><h5 class=\"grid-title-below grid-title \" >MANTENIMIENTO DE F\u00c1BRICAS<\/h5><div class=\"grid-desc\" ><p>I am text block. Please change this dummy text in your page editor for this feature box.<\/p>\n<\/div><\/div><\/div><\/div>[\/vc_column_inner][\/vc_row_inner][\/vc_column][\/vc_row][vc_row center_row=\u00bbyes\u00bb css=\u00bb.vc_custom_1453984729398{padding-top: 40px !important;padding-bottom: 40px !important;}\u00bb][vc_column]<div class=\"zozo-parallax-header wpb_animate_when_almost_visible wpb_bottom-to-top\"><div class=\"parallax-header content-style-default\"><h4 class=\"parallax-title text-left\">Nuestros Clientes<\/h4><\/div><\/div><div class=\"zozo-client-slider-wrapper wpb_animate_when_almost_visible wpb_bottom-to-top style-default\"><div id=\"zozo-client-slider-1\" class=\"zozo-owl-carousel zozo-client-slider owl-carousel\" data-items=\"6\"  data-slideby=\"1\"  data-items-tablet=\"4\"  data-items-mobile-landscape=\"3\"  data-items-mobile-portrait=\"2\"  data-autoplay=\"true\"  data-autoplay-timeout=\"1000\"  data-loop=\"true\"  data-pagination=\"false\"  data-navigation=\"false\" ><div class=\"client-item\"><a href=\"#\" target=\"_self\"><img width=\"170\" height=\"85\" src=\"https:\/\/italtech.ec\/italtechengineering\/wp-content\/uploads\/sites\/4\/2023\/02\/cliente001.png\" class=\"attachment-full\" alt=\"\" decoding=\"async\" loading=\"lazy\" title=\"cliente001\" \/><\/a><\/div><div class=\"client-item\"><a href=\"#\" target=\"_self\"><img width=\"170\" height=\"85\" src=\"https:\/\/italtech.ec\/italtechengineering\/wp-content\/uploads\/sites\/4\/2023\/02\/cliente002.png\" class=\"attachment-full\" alt=\"\" decoding=\"async\" loading=\"lazy\" title=\"cliente002\" \/><\/a><\/div><div class=\"client-item\"><a href=\"#\" target=\"_self\"><img width=\"170\" height=\"85\" src=\"https:\/\/italtech.ec\/italtechengineering\/wp-content\/uploads\/sites\/4\/2023\/02\/cliente003.png\" class=\"attachment-full\" alt=\"\" decoding=\"async\" loading=\"lazy\" title=\"cliente003\" \/><\/a><\/div><div class=\"client-item\"><a href=\"#\" target=\"_self\"><img width=\"170\" height=\"85\" src=\"https:\/\/italtech.ec\/italtechengineering\/wp-content\/uploads\/sites\/4\/2023\/02\/cliente004.png\" class=\"attachment-full\" alt=\"\" decoding=\"async\" loading=\"lazy\" title=\"cliente004\" \/><\/a><\/div><div class=\"client-item\"><a href=\"#\" target=\"_self\"><img width=\"170\" height=\"85\" src=\"https:\/\/italtech.ec\/italtechengineering\/wp-content\/uploads\/sites\/4\/2023\/02\/cliente005.png\" class=\"attachment-full\" alt=\"\" decoding=\"async\" loading=\"lazy\" title=\"cliente005\" \/><\/a><\/div><div class=\"client-item\"><a href=\"#\" target=\"_self\"><img width=\"170\" height=\"85\" src=\"https:\/\/italtech.ec\/italtechengineering\/wp-content\/uploads\/sites\/4\/2023\/02\/cliente006.png\" class=\"attachment-full\" alt=\"\" decoding=\"async\" loading=\"lazy\" title=\"cliente006\" \/><\/a><\/div><div class=\"client-item\"><a href=\"#\" target=\"_self\"><img width=\"170\" height=\"85\" src=\"https:\/\/italtech.ec\/italtechengineering\/wp-content\/uploads\/sites\/4\/2023\/02\/cliente007.png\" class=\"attachment-full\" alt=\"\" decoding=\"async\" loading=\"lazy\" title=\"cliente007\" \/><\/a><\/div><div class=\"client-item\"><img width=\"170\" height=\"85\" src=\"https:\/\/italtech.ec\/italtechengineering\/wp-content\/uploads\/sites\/4\/2023\/02\/cliente008.png\" class=\"attachment-full\" alt=\"\" decoding=\"async\" loading=\"lazy\" title=\"cliente008\" \/><\/div><div class=\"client-item\"><img width=\"170\" height=\"85\" src=\"https:\/\/italtech.ec\/italtechengineering\/wp-content\/uploads\/sites\/4\/2023\/02\/cliente009.png\" class=\"attachment-full\" alt=\"\" decoding=\"async\" loading=\"lazy\" title=\"cliente009\" \/><\/div><div class=\"client-item\"><img width=\"170\" height=\"85\" src=\"https:\/\/italtech.ec\/italtechengineering\/wp-content\/uploads\/sites\/4\/2023\/02\/cliente010.png\" class=\"attachment-full\" alt=\"\" decoding=\"async\" loading=\"lazy\" title=\"cliente010\" \/><\/div><div class=\"client-item\"><img width=\"170\" height=\"85\" src=\"https:\/\/italtech.ec\/italtechengineering\/wp-content\/uploads\/sites\/4\/2023\/02\/cliente011.png\" class=\"attachment-full\" alt=\"\" decoding=\"async\" loading=\"lazy\" title=\"cliente011\" \/><\/div><\/div><\/div>[\/vc_column][\/vc_row][vc_row center_row=\u00bbyes\u00bb typo_style=\u00bbdefault\u00bb][vc_column]<div class=\"zozo-parallax-header wpb_animate_when_almost_visible wpb_bottom-to-top\"><div class=\"parallax-header content-style-default\"><h4 class=\"parallax-title text-left\">Nuestros trabajos<\/h4><\/div><\/div>[vc_column_text]Contamos con PERSONAL CALIFICADO Y CAPACITADO que nos ha permitido desarrollar un servicio eficiente y la satisfacci\u00f3n a nuestros clientes, que nos avalan como una empresa referente en el sector, con una filosof\u00eda basada en la sostenibilidad, la calidad y la experiencia, promoviendo un modelo empresarial, como las nuevas oportunidades que surgen de los mismos.[\/vc_column_text]<div class=\"zozo-portfolio-grid-wrapper wpb_animate_when_almost_visible wpb_bottom-to-top style_two\"><div id=\"zozo_portfolio_1\" class=\"zozo-portfolio style_two-grid-style portfolio-cols-3\" data-columns=\"3\" data-gutter=\"10\"><div class=\"portfolio-inner\"><div id=\"portfolio-2113\" class=\"portfolio-item  proyectos zozo-img-wrapper style-style_two\"><div class=\"portfolio-content\"><div class=\"portfolio-image\"><img class=\"img-responsive\" src=\"https:\/\/italtech.ec\/italtechengineering\/wp-content\/uploads\/sites\/4\/2016\/02\/proyecto006-560x385.jpg\" width=\"560\" height=\"385\" alt=\"Pintuco\" \/><\/div><div class=\"portfolio-overlay\"><div class=\"portfolio-mask overlay-mask position-center\"><ul class=\"overlay-buttons flip-x\"><li><a href=\"https:\/\/italtech.ec\/italtechengineering\/wp-content\/uploads\/sites\/4\/2016\/02\/proyecto006.jpg\" class=\"pf-icon-zoom\" data-rel=\"prettyPhoto[gallery1]\" title=\"Pintuco\"><i class=\"fa fa-search\"><\/i><\/a><\/li><\/ul><\/div><\/div><\/div><div class=\"portfolio-bottom\"><div class=\"portfolio-title\"><h4><a href=\"https:\/\/italtech.ec\/italtechengineering\/portfolio\/pintuco\/\" title=\"Pintuco\">Pintuco<\/a><\/h4><\/div><div class=\"portfolio-excerpts\"><p>Construcci\u00f3n e Instalaci\u00f3n sistema de etiquetado C\u00f3d. Barras...<\/p><\/div><\/div><\/div><div id=\"portfolio-2112\" class=\"portfolio-item  proyectos zozo-img-wrapper style-style_two\"><div class=\"portfolio-content\"><div class=\"portfolio-image\"><img class=\"img-responsive\" src=\"https:\/\/italtech.ec\/italtechengineering\/wp-content\/uploads\/sites\/4\/2016\/02\/proyecto005-560x385.jpg\" width=\"560\" height=\"385\" alt=\"Kelloggs\" \/><\/div><div class=\"portfolio-overlay\"><div class=\"portfolio-mask overlay-mask position-center\"><ul class=\"overlay-buttons flip-x\"><li><a href=\"https:\/\/italtech.ec\/italtechengineering\/wp-content\/uploads\/sites\/4\/2016\/02\/proyecto005.jpg\" class=\"pf-icon-zoom\" data-rel=\"prettyPhoto[gallery1]\" title=\"Kelloggs\"><i class=\"fa fa-search\"><\/i><\/a><\/li><\/ul><\/div><\/div><\/div><div class=\"portfolio-bottom\"><div class=\"portfolio-title\"><h4><a href=\"https:\/\/italtech.ec\/italtechengineering\/portfolio\/kelloggs\/\" title=\"Kelloggs\">Kelloggs<\/a><\/h4><\/div><div class=\"portfolio-excerpts\"><p>Mantenimiento Multicabezales...<\/p><\/div><\/div><\/div><div id=\"portfolio-2111\" class=\"portfolio-item  proyectos zozo-img-wrapper style-style_two\"><div class=\"portfolio-content\"><div class=\"portfolio-image\"><img class=\"img-responsive\" src=\"https:\/\/italtech.ec\/italtechengineering\/wp-content\/uploads\/sites\/4\/2016\/02\/proyecto004-560x385.jpg\" width=\"560\" height=\"385\" alt=\"Coca Cola Guayaquil\" \/><\/div><div class=\"portfolio-overlay\"><div class=\"portfolio-mask overlay-mask position-center\"><ul class=\"overlay-buttons flip-x\"><li><a href=\"https:\/\/italtech.ec\/italtechengineering\/wp-content\/uploads\/sites\/4\/2016\/02\/proyecto004.jpg\" class=\"pf-icon-zoom\" data-rel=\"prettyPhoto[gallery1]\" title=\"Coca Cola Guayaquil\"><i class=\"fa fa-search\"><\/i><\/a><\/li><\/ul><\/div><\/div><\/div><div class=\"portfolio-bottom\"><div class=\"portfolio-title\"><h4><a href=\"https:\/\/italtech.ec\/italtechengineering\/portfolio\/coca-cola-guayaquil\/\" title=\"Coca Cola Guayaquil\">Coca Cola Guayaquil<\/a><\/h4><\/div><div class=\"portfolio-excerpts\"><p>Mantenimiento Llenadora\u00a0 Electr\u00f3nica...<\/p><\/div><\/div><\/div><div id=\"portfolio-2110\" class=\"portfolio-item  proyectos zozo-img-wrapper style-style_two\"><div class=\"portfolio-content\"><div class=\"portfolio-image\"><img class=\"img-responsive\" src=\"https:\/\/italtech.ec\/italtechengineering\/wp-content\/uploads\/sites\/4\/2016\/02\/proyecto003-560x385.jpg\" width=\"560\" height=\"385\" alt=\"Ajecolombia\" \/><\/div><div class=\"portfolio-overlay\"><div class=\"portfolio-mask overlay-mask position-center\"><ul class=\"overlay-buttons flip-x\"><li><a href=\"https:\/\/italtech.ec\/italtechengineering\/wp-content\/uploads\/sites\/4\/2016\/02\/proyecto003.jpg\" class=\"pf-icon-zoom\" data-rel=\"prettyPhoto[gallery1]\" title=\"Ajecolombia\"><i class=\"fa fa-search\"><\/i><\/a><\/li><\/ul><\/div><\/div><\/div><div class=\"portfolio-bottom\"><div class=\"portfolio-title\"><h4><a href=\"https:\/\/italtech.ec\/italtechengineering\/portfolio\/ajecolombia\/\" title=\"Ajecolombia\">Ajecolombia<\/a><\/h4><\/div><div class=\"portfolio-excerpts\"><p>Mantenimiento Paletizadora...<\/p><\/div><\/div><\/div><div id=\"portfolio-2109\" class=\"portfolio-item  proyectos zozo-img-wrapper style-style_two\"><div class=\"portfolio-content\"><div class=\"portfolio-image\"><img class=\"img-responsive\" src=\"https:\/\/italtech.ec\/italtechengineering\/wp-content\/uploads\/sites\/4\/2016\/02\/proyecto002-560x385.jpg\" width=\"560\" height=\"385\" alt=\"Ajecuador\" \/><\/div><div class=\"portfolio-overlay\"><div class=\"portfolio-mask overlay-mask position-center\"><ul class=\"overlay-buttons flip-x\"><li><a href=\"https:\/\/italtech.ec\/italtechengineering\/wp-content\/uploads\/sites\/4\/2016\/02\/proyecto002.jpg\" class=\"pf-icon-zoom\" data-rel=\"prettyPhoto[gallery1]\" title=\"Ajecuador\"><i class=\"fa fa-search\"><\/i><\/a><\/li><\/ul><\/div><\/div><\/div><div class=\"portfolio-bottom\"><div class=\"portfolio-title\"><h4><a href=\"https:\/\/italtech.ec\/italtechengineering\/portfolio\/ajecuador\/\" title=\"Ajecuador\">Ajecuador<\/a><\/h4><\/div><div class=\"portfolio-excerpts\"><p>Sincronismo Llenadora...<\/p><\/div><\/div><\/div><div id=\"portfolio-1572\" class=\"portfolio-item  proyectos zozo-img-wrapper style-style_two\"><div class=\"portfolio-content\"><div class=\"portfolio-image\"><img class=\"img-responsive\" src=\"https:\/\/italtech.ec\/italtechengineering\/wp-content\/uploads\/sites\/4\/2016\/02\/proyecto001-560x385.jpg\" width=\"560\" height=\"385\" alt=\"Backus Per\u00fa\" \/><\/div><div class=\"portfolio-overlay\"><div class=\"portfolio-mask overlay-mask position-center\"><ul class=\"overlay-buttons flip-x\"><li><a href=\"https:\/\/italtech.ec\/italtechengineering\/wp-content\/uploads\/sites\/4\/2016\/02\/proyecto001.jpg\" class=\"pf-icon-zoom\" data-rel=\"prettyPhoto[gallery1]\" title=\"Backus Per\u00fa\"><i class=\"fa fa-search\"><\/i><\/a><\/li><\/ul><\/div><\/div><\/div><div class=\"portfolio-bottom\"><div class=\"portfolio-title\"><h4><a href=\"https:\/\/italtech.ec\/italtechengineering\/portfolio\/backusperu\/\" title=\"Backus Per\u00fa\">Backus Per\u00fa<\/a><\/h4><\/div><div class=\"portfolio-excerpts\"><p>Manteminiento Llenadora...<\/p><\/div><\/div><\/div><\/div><\/div><\/div>[zozo_vc_services_grid css_animation=\u00bbbottom-to-top\u00bb posts=\u00bb6&#8243; excerpt_length=\u00bb120&#8243;][\/vc_column][\/vc_row][vc_row parallax=\u00bbcontent-moving\u00bb bg_style=\u00bbgrey-wrapper\u00bb center_row=\u00bbyes\u00bb bg_overlay=\u00bbyes\u00bb typo_style=\u00bblight\u00bb][vc_column]<div class=\"zozo-parallax-header wpb_animate_when_almost_visible wpb_bottom-to-top\"><div class=\"parallax-header content-style-default\"><h4 class=\"parallax-title text-left\">LO QUE DICEN NUESTROS CLIENTES<\/h4><\/div><\/div><div class=\"zozo-testimonial-slider-wrapper wpb_animate_when_almost_visible wpb_bottom-to-top\"><div id=\"zozo-testimonial-slider1\" class=\"zozo-owl-carousel owl-carousel testimonial-carousel-slider\" data-items=\"3\"  data-slideby=\"1\"  data-items-tablet=\"2\"  data-items-mobile-portrait=\"1\"  data-autoplay=\"true\"  data-autoplay-timeout=\"5000\"  data-loop=\"true\"  data-margin=\"15\"  data-pagination=\"true\"  data-navigation=\"false\" ><div class=\"testimonial-item tstyle-no-border\"><div class=\"testimonial-content\"><blockquote><p>Lorem ipsum dolor sit amet, consectetuer adipiscing elit. Aenean commodo ligula eget dolor. Aenean massa. Cum...<\/p><\/blockquote><div class=\"testimonial-rating\"><div class=\"rateit\" data-rateit-value=\"4\" data-rateit-ispreset=\"true\" data-rateit-readonly=\"true\"><\/div><\/div><\/div><div class=\"author-info-box\"><div class=\"testimonial-img\"><img src=\"https:\/\/italtech.ec\/italtechengineering\/wp-content\/uploads\/sites\/4\/2016\/01\/testi-1.jpg\" width=\"85\" height=\"85\" alt=\"Selena Gomez\" class=\"img-responsive\" \/><\/div><div class=\"author-details\"><p><span class=\"testimonial-author-name\"><a href=\"https:\/\/italtech.ec\/italtechengineering\/testimonial\/selena-gomez\/\" title=\"Selena Gomez\">Selena Gomez<\/a><\/span><\/p><p class=\"author-designation-info\"><span class=\"testimonial-author-designation\">Designer<\/span><span class=\"testimonial-author-company\">zozothemes<\/span><\/p><\/div><\/div><\/div><div class=\"testimonial-item tstyle-no-border\"><div class=\"testimonial-content\"><blockquote><p>Lorem ipsum dolor sit amet, consectetuer adipiscing elit. Aenean commodo ligula eget dolor. Aenean massa. Cum...<\/p><\/blockquote><div class=\"testimonial-rating\"><div class=\"rateit\" data-rateit-value=\"5\" data-rateit-ispreset=\"true\" data-rateit-readonly=\"true\"><\/div><\/div><\/div><div class=\"author-info-box\"><div class=\"testimonial-img\"><img src=\"https:\/\/italtech.ec\/italtechengineering\/wp-content\/uploads\/sites\/4\/2016\/01\/testi-2.jpg\" width=\"85\" height=\"85\" alt=\"Mec Callan\" class=\"img-responsive\" \/><\/div><div class=\"author-details\"><p><span class=\"testimonial-author-name\"><a href=\"https:\/\/italtech.ec\/italtechengineering\/testimonial\/mec-callan\/\" title=\"Mec Callan\">Mec Callan<\/a><\/span><\/p><p class=\"author-designation-info\"><span class=\"testimonial-author-designation\">Designer<\/span><span class=\"testimonial-author-company\">zozothemes<\/span><\/p><\/div><\/div><\/div><div class=\"testimonial-item tstyle-no-border\"><div class=\"testimonial-content\"><blockquote><p>Lorem ipsum dolor sit amet, consectetuer adipiscing elit. Aenean commodo ligula eget dolor. Aenean massa. Cum...<\/p><\/blockquote><div class=\"testimonial-rating\"><div class=\"rateit\" data-rateit-value=\"4\" data-rateit-ispreset=\"true\" data-rateit-readonly=\"true\"><\/div><\/div><\/div><div class=\"author-info-box\"><div class=\"testimonial-img\"><img src=\"https:\/\/italtech.ec\/italtechengineering\/wp-content\/uploads\/sites\/4\/2016\/01\/testi-4.jpg\" width=\"85\" height=\"85\" alt=\"Jessica Smith\" class=\"img-responsive\" \/><\/div><div class=\"author-details\"><p><span class=\"testimonial-author-name\"><a href=\"https:\/\/italtech.ec\/italtechengineering\/testimonial\/jessica-smith\/\" title=\"Jessica Smith\">Jessica Smith<\/a><\/span><\/p><p class=\"author-designation-info\"><span class=\"testimonial-author-designation\">Designer<\/span><span class=\"testimonial-author-company\">zozothemes<\/span><\/p><\/div><\/div><\/div><div class=\"testimonial-item tstyle-no-border\"><div class=\"testimonial-content\"><blockquote><p>Lorem ipsum dolor sit amet, consectetuer adipiscing elit. Aenean commodo ligula eget dolor. Aenean massa. Cum...<\/p><\/blockquote><div class=\"testimonial-rating\"><div class=\"rateit\" data-rateit-value=\"5\" data-rateit-ispreset=\"true\" data-rateit-readonly=\"true\"><\/div><\/div><\/div><div class=\"author-info-box\"><div class=\"testimonial-img\"><img src=\"https:\/\/italtech.ec\/italtechengineering\/wp-content\/uploads\/sites\/4\/2016\/01\/testi-3.jpg\" width=\"85\" height=\"85\" alt=\"John Doe\" class=\"img-responsive\" \/><\/div><div class=\"author-details\"><p><span class=\"testimonial-author-name\"><a href=\"https:\/\/italtech.ec\/italtechengineering\/testimonial\/john-doe\/\" title=\"John Doe\">John Doe<\/a><\/span><\/p><p class=\"author-designation-info\"><span class=\"testimonial-author-designation\">Designer<\/span><span class=\"testimonial-author-company\">zozothemes<\/span><\/p><\/div><\/div><\/div><\/div><\/div>[\/vc_column][\/vc_row]<\/p>\n<\/section>","protected":false},"excerpt":{"rendered":"<p>[vc_row bg_style=\u00bbdark-wrapper\u00bb center_row=\u00bbyes\u00bb css=\u00bb.vc_custom_1675880075217{margin-top: -1px !important;padding-top: 0px !important;padding-bottom: 0px !important;background-image: url(https:\/\/italtech.ec\/italtechengineering\/wp-content\/uploads\/sites\/4\/2016\/01\/dark-bg.jpg?id=15) !important;}\u00bb el_class=\u00bbvc-row-default\u00bb][vc_column][\/vc_column][\/vc_row][vc_row parallax=\u00bbcontent-moving\u00bb parallax_image=\u00bb260&#8243; bg_style=\u00bbgrey-wrapper\u00bb center_row=\u00bbyes\u00bb bg_overlay=\u00bbyes\u00bb typo_style=\u00bblight\u00bb][vc_column][vc_row_inner][vc_column_inner][\/vc_column_inner][\/vc_row_inner][\/vc_column][\/vc_row][vc_row center_row=\u00bbyes\u00bb css=\u00bb.vc_custom_1453984729398{padding-top: 40px !important;padding-bottom: 40px !important;}\u00bb][vc_column][vc_row_inner][vc_column_inner width=\u00bb1\/2&#8243;][\/vc_column_inner][vc_column_inner width=\u00bb1\/2&#8243;][\/vc_column_inner][\/vc_row_inner][\/vc_column][\/vc_row][vc_row center_row=\u00bbyes\u00bb css=\u00bb.vc_custom_1453984729398{padding-top: 40px&#8230;<\/p>\n","protected":false},"author":1,"featured_media":0,"parent":0,"menu_order":0,"comment_status":"closed","ping_status":"closed","template":"template-fullwidth.php","meta":[],"_links":{"self":[{"href":"https:\/\/italtech.ec\/italtechengineering\/wp-json\/wp\/v2\/pages\/600"}],"collection":[{"href":"https:\/\/italtech.ec\/italtechengineering\/wp-json\/wp\/v2\/pages"}],"about":[{"href":"https:\/\/italtech.ec\/italtechengineering\/wp-json\/wp\/v2\/types\/page"}],"author":[{"embeddable":true,"href":"https:\/\/italtech.ec\/italtechengineering\/wp-json\/wp\/v2\/users\/1"}],"replies":[{"embeddable":true,"href":"https:\/\/italtech.ec\/italtechengineering\/wp-json\/wp\/v2\/comments?post=600"}],"version-history":[{"count":67,"href":"https:\/\/italtech.ec\/italtechengineering\/wp-json\/wp\/v2\/pages\/600\/revisions"}],"predecessor-version":[{"id":2154,"href":"https:\/\/italtech.ec\/italtechengineering\/wp-json\/wp\/v2\/pages\/600\/revisions\/2154"}],"wp:attachment":[{"href":"https:\/\/italtech.ec\/italtechengineering\/wp-json\/wp\/v2\/media?parent=600"}],"curies":[{"name":"wp","href":"https:\/\/api.w.org\/{rel}","templated":true}]}}